{"id":401,"date":"2024-04-05T21:34:07","date_gmt":"2024-04-05T19:34:07","guid":{"rendered":"http:\/\/www.sgmbolivia.gob.bo\/?page_id=401"},"modified":"2025-10-30T16:00:59","modified_gmt":"2025-10-30T20:00:59","slug":"pei-descargable","status":"publish","type":"page","link":"https:\/\/www.sgmbolivia.gob.bo\/index.php\/pei-descargable\/","title":{"rendered":"Plan Estrat\u00e9gico Institucional (PEI)"},"content":{"rendered":"\n<p><\/p>\n\n\n\n<h4 class=\"wp-block-heading\">Presentaci\u00f3n del Plan Estrat\u00e9gico Institucional<\/h4>\n\n\n\n<p><\/p>\n\n\n\n<p>El Plan Estrat\u00e9gico Institucional Servicio Geod\u00e9sico de Mapas 2021 &#8211; 2025, se enmarca en el Sistema De Planificaci\u00f3n Integral del Estado (SPIE) \u2013 LEY N\u00ba 777, establecimientos objetivos y acciones estrat\u00e9gicas a mediano plazo, con el objeto de contribuir a los resultados, metas ejes y pilares de la agenda patri\u00f3tica 2025 del plan de desarrollo econ\u00f3mico y social 2021-2025.<\/p>\n\n\n\n<p>La formulaci\u00f3n del Plan Estrat\u00e9gico Institucional (PEI) del Servicio Geod\u00e9sico de Mapas, como herramienta de planificaci\u00f3n a mediano plazo, permite orientar las acciones y recursos del sector Defensa al cumplimiento de los resultados esperados al 2025 en el Plan de Desarrollo Econ\u00f3mico y Social.<\/p>\n\n\n\n<p>El PEI del Servicio Geod\u00e9sico de Mapas, est\u00e1 elaborado en concordancia con la Agenda Patri\u00f3tica 2025 y el Plan de Desarrollo Econ\u00f3mico y Social (PDES) 2021 \u2013 2025; y constituye en un instrumento b\u00e1sico a mediano plazo (2021 \u2013 2025) Este Plan, se constituye en un instrumento b\u00e1sico a mediano plazo de programaci\u00f3n estrat\u00e9gico de la Instituci\u00f3n, que permita orientar efectivamente los Planes Operativos y Presupuestos Anuales hacia la consecuci\u00f3n de los Objetivos Estrat\u00e9gicos Institucionales.<\/p>\n\n\n\n<p><\/p>\n\n\n\n<h4 class=\"wp-block-heading\">Diagn\u00f3stico<\/h4>\n\n\n\n<p><\/p>\n\n\n\n<p>El Diagnostico Institucional que a continuaci\u00f3n se presenta, se realiz\u00f3 en base a las herramientas de diagn\u00f3stico FODA (Fortalezas, Oportunidades, Debilidades y Amenazas), variables que surgen del An\u00e1lisis Interno y An\u00e1lisis Externo de la Entidad.<\/p>\n\n\n\n<p><\/p>\n\n\n\n<p><\/p>\n\n\n\n<h4 class=\"wp-block-heading\">Objetivos y Estrategias Institucionales<\/h4>\n\n\n\n<p><\/p>\n\n\n\n<figure class=\"wp-block-table\"><table class=\"has-fixed-layout\"><thead><tr><th>Objetivo estrat\u00e9gico institucional<\/th><\/tr><\/thead><tbody><tr><td><strong>OEI 1. Objetivo estrat\u00e9gico<\/strong><br>Actualizar la Cartograf\u00eda a trav\u00e9s de Cartoclasificaci\u00f3n a Escala 1:50.000 en todo el Estado Plurinacional de Bolivia y promover la generaci\u00f3n de conocimiento e informaci\u00f3n cartogr\u00e1fica precisa, oportuna concisa e imprescindible para el desarrollo integral del pa\u00eds.<br><br><strong>OEI 2. Participaci\u00f3n en el Desarrollo Integral<\/strong><br>De este proceso emergen 3 objetivos estrat\u00e9gicos institucionales para cuya consecuci\u00f3n se establecieron estrategias, de las que derivaron 6 acciones estrat\u00e9gicos institucionales que forman parte del presente Plan Estrat\u00e9gico Institucional 2021 \u2013 2025, detallados a continuaci\u00f3n:<br><strong>EJE 7.- <\/strong>Reforma Judicial, Gesti\u00f3n Publica Digitalizada y Transparente; Seguridad y Defensa Integral con Soberan\u00eda Nacional. Fortalecer la gesti\u00f3n p\u00fablica con transparencia y lucha contra la corrupci\u00f3n<br>con la actualizaci\u00f3n cartogr\u00e1fica en todo el Estado Plurinacional de Bolivia, garantizando la independencia, seguridad y estabilidad del Estado.<br><strong>Estrategia.<\/strong><br>Generar la actualizaci\u00f3n de manera oportuna, precisa y eficiente la Cartograf\u00eda a trav\u00e9s de Cartoclasificaci\u00f3n en todo el Estado Plurinacional de Bolivia, desarrollando capacidades t\u00e9cnicas y tecnol\u00f3gicas del personal t\u00e9cnico del Servicio Geod\u00e9sico de Mapas, para el cumplimiento cabal de sus<br>funciones y atribuciones de la instituci\u00f3n y su difusi\u00f3n a todas las instituciones del estado plurinacional de Bolivia que as\u00ed lo requieran.<br><strong>Estructura.<\/strong><br>A fin de poder visualizas con mayor claridad la Estructura de los ejes, objetivos estrat\u00e9gicos y estrategias del Plan Estrat\u00e9gico Institucional 2021 \u2013 2025, del Servicio Geod\u00e9sico de Mapas se realiz\u00f3 el siguiente Cuadro.<\/td><\/tr><\/tbody><\/table><\/figure>\n\n\n\n<p><\/p>\n","protected":false},"excerpt":{"rendered":"<p>Presentaci\u00f3n del Plan Estrat\u00e9gico Institucional El Plan Estrat\u00e9gico Institucional Servicio Geod\u00e9sico de Mapas 2021 &#8211; 2025, se enmarca en el Sistema De Planificaci\u00f3n Integral del Estado (SPIE) \u2013 LEY N\u00ba 777, establecimientos objetivos y acciones estrat\u00e9gicas a mediano plazo, con el objeto de contribuir a los resultados, metas ejes y pilares de la agenda patri\u00f3tica [&hellip;]<\/p>\n","protected":false},"author":1,"featured_media":0,"parent":0,"menu_order":0,"comment_status":"closed","ping_status":"closed","template":"template\/tabla-plan_estrategico_institucional.php","meta":{"_acf_changed":false,"footnotes":"[]"},"class_list":["post-401","page","type-page","status-publish","hentry"],"acf":[],"_links":{"self":[{"href":"https:\/\/www.sgmbolivia.gob.bo\/index.php\/wp-json\/wp\/v2\/pages\/401","targetHints":{"allow":["GET"]}}],"collection":[{"href":"https:\/\/www.sgmbolivia.gob.bo\/index.php\/wp-json\/wp\/v2\/pages"}],"about":[{"href":"https:\/\/www.sgmbolivia.gob.bo\/index.php\/wp-json\/wp\/v2\/types\/page"}],"author":[{"embeddable":true,"href":"https:\/\/www.sgmbolivia.gob.bo\/index.php\/wp-json\/wp\/v2\/users\/1"}],"replies":[{"embeddable":true,"href":"https:\/\/www.sgmbolivia.gob.bo\/index.php\/wp-json\/wp\/v2\/comments?post=401"}],"version-history":[{"count":31,"href":"https:\/\/www.sgmbolivia.gob.bo\/index.php\/wp-json\/wp\/v2\/pages\/401\/revisions"}],"predecessor-version":[{"id":17471,"href":"https:\/\/www.sgmbolivia.gob.bo\/index.php\/wp-json\/wp\/v2\/pages\/401\/revisions\/17471"}],"wp:attachment":[{"href":"https:\/\/www.sgmbolivia.gob.bo\/index.php\/wp-json\/wp\/v2\/media?parent=401"}],"curies":[{"name":"wp","href":"https:\/\/api.w.org\/{rel}","templated":true}]}}