{"id":328,"date":"2024-04-05T21:30:59","date_gmt":"2024-04-05T19:30:59","guid":{"rendered":"http:\/\/www.sgmbolivia.gob.bo\/?page_id=328"},"modified":"2026-04-16T14:33:37","modified_gmt":"2026-04-16T18:33:37","slug":"descripcion-de-los-objetivos-y-funciones-principales-de-la-entidad-2","status":"publish","type":"page","link":"https:\/\/www.sgmbolivia.gob.bo\/index.php\/descripcion-de-los-objetivos-y-funciones-principales-de-la-entidad-2\/","title":{"rendered":"Objetivos Institucionales."},"content":{"rendered":"\n<p><\/p>\n\n\n\n<h2 class=\"wp-block-heading\">Objetivo.<\/h2>\n\n\n\n<p class=\"has-medium-font-size\">Validar los datos cartogr\u00e1ficos de escala 1:50.000, generados a partir de la clasificaci\u00f3n e interpretaci\u00f3n de im\u00e1genes satelitales en todo el territorio del Estado Plurinacional de Bolivia, a trav\u00e9s de la informaci\u00f3n recolectada proveniente del trabajo de Campo.<\/p>\n\n\n<div class=\"wp-block-image\">\n<figure class=\"aligncenter size-full\"><img loading=\"lazy\" decoding=\"async\" width=\"512\" height=\"512\" src=\"http:\/\/www.sgmbolivia.gob.bo\/wp-content\/uploads\/2026\/04\/cropped-SE-GEOMAP-logo1.jpeg\" alt=\"\" class=\"wp-image-17592\" srcset=\"https:\/\/www.sgmbolivia.gob.bo\/wp-content\/uploads\/2026\/04\/cropped-SE-GEOMAP-logo1.jpeg 512w, https:\/\/www.sgmbolivia.gob.bo\/wp-content\/uploads\/2026\/04\/cropped-SE-GEOMAP-logo1-270x270.jpeg 270w, https:\/\/www.sgmbolivia.gob.bo\/wp-content\/uploads\/2026\/04\/cropped-SE-GEOMAP-logo1-192x192.jpeg 192w, https:\/\/www.sgmbolivia.gob.bo\/wp-content\/uploads\/2026\/04\/cropped-SE-GEOMAP-logo1-180x180.jpeg 180w, https:\/\/www.sgmbolivia.gob.bo\/wp-content\/uploads\/2026\/04\/cropped-SE-GEOMAP-logo1-32x32.jpeg 32w\" sizes=\"auto, (max-width: 512px) 100vw, 512px\" \/><\/figure><\/div>\n\n\n<h2 class=\"wp-block-heading\">Objetivos Especif\u00edcos.<\/h2>\n\n\n\n<ul class=\"wp-block-list\">\n<li class=\"has-medium-font-size\">Digitalizaci\u00f3n y simbolizaci\u00f3n en el marco del trabajo de actualizaci\u00f3n cartogr\u00e1fica escala 1:50.000. Obtenci\u00f3n de im\u00e1genes satelitales, manejo de im\u00e1genes satelitales mediante los l\u00edmites de estudio, as\u00ed como la identificaci\u00f3n de nuevos elementos cartogr\u00e1ficos, como ser: caminos, r\u00edos, lagos, edificaciones, centros poblados, etc.<\/li>\n\n\n\n<li class=\"has-medium-font-size\">Verificaci\u00f3n en campo de los datos obtenidos en Gabinete, adem\u00e1s de la incorporaci\u00f3n de elementos cartogr\u00e1ficos faltantes<\/li>\n\n\n\n<li class=\"has-medium-font-size\">Actualizaci\u00f3n de la declinaci\u00f3n magn\u00e9tica, correcci\u00f3n de los diferentes elementos cartogr\u00e1ficos de acuerdo a los datos registrados en la hoja carto-clasificada y los datos descargados de los GPS Navegadores y tabletas.<\/li>\n\n\n\n<li class=\"has-medium-font-size\">Impresi\u00f3n de las hojas cartogr\u00e1ficas.<\/li>\n<\/ul>\n\n\n\n<p><\/p>\n\n\n\n<div style=\"display: flex; align-items: center;\">\n  <img decoding=\"async\" src=\"http:\/\/www.sgmbolivia.gob.bo\/wp-content\/uploads\/2025\/10\/carto2.png\" alt=\"Descripci\u00f3n de la imagen\" style=\"width: 150px; height: auto; margin-right: 15px;\">\n  <p style=\"margin: 0;\">Actualizaci\u00f3n cartogr\u00e1fica.<\/p>\n<\/div>\n\n<div style=\"display: flex; align-items: center;\">\n  <img decoding=\"async\" src=\"http:\/\/www.sgmbolivia.gob.bo\/wp-content\/uploads\/2025\/10\/carto3.jpg\" alt=\"Descripci\u00f3n de la imagen\" style=\"width: 150px; height: auto; margin-right: 15px;\">\n  <p style=\"margin: 0;\">Actualizaci\u00f3n de la declinaci\u00f3n magn\u00e9tica.<\/p>\n<\/div>\n\n<div style=\"display: flex; align-items: center;\">\n  <img decoding=\"async\" src=\"http:\/\/www.sgmbolivia.gob.bo\/wp-content\/uploads\/2025\/10\/carto4.jpg\" alt=\"Descripci\u00f3n de la imagen\" style=\"width: 150px; height: auto; margin-right: 15px;\">\n  <p style=\"margin: 0;\">Impresi\u00f3n de las hojas cartogr\u00e1ficas<\/p>\n<\/div>\n\n\n\n<p><\/p>\n","protected":false},"excerpt":{"rendered":"<p>Objetivo. Validar los datos cartogr\u00e1ficos de escala 1:50.000, generados a partir de la clasificaci\u00f3n e interpretaci\u00f3n de im\u00e1genes satelitales en todo el territorio del Estado Plurinacional de Bolivia, a trav\u00e9s de la informaci\u00f3n recolectada proveniente del trabajo de Campo. Objetivos Especif\u00edcos. Actualizaci\u00f3n cartogr\u00e1fica. Actualizaci\u00f3n de la declinaci\u00f3n magn\u00e9tica. Impresi\u00f3n de las hojas cartogr\u00e1ficas<\/p>\n","protected":false},"author":1,"featured_media":0,"parent":0,"menu_order":0,"comment_status":"closed","ping_status":"closed","template":"","meta":{"_acf_changed":false,"footnotes":""},"class_list":["post-328","page","type-page","status-publish","hentry"],"acf":[],"_links":{"self":[{"href":"https:\/\/www.sgmbolivia.gob.bo\/index.php\/wp-json\/wp\/v2\/pages\/328","targetHints":{"allow":["GET"]}}],"collection":[{"href":"https:\/\/www.sgmbolivia.gob.bo\/index.php\/wp-json\/wp\/v2\/pages"}],"about":[{"href":"https:\/\/www.sgmbolivia.gob.bo\/index.php\/wp-json\/wp\/v2\/types\/page"}],"author":[{"embeddable":true,"href":"https:\/\/www.sgmbolivia.gob.bo\/index.php\/wp-json\/wp\/v2\/users\/1"}],"replies":[{"embeddable":true,"href":"https:\/\/www.sgmbolivia.gob.bo\/index.php\/wp-json\/wp\/v2\/comments?post=328"}],"version-history":[{"count":21,"href":"https:\/\/www.sgmbolivia.gob.bo\/index.php\/wp-json\/wp\/v2\/pages\/328\/revisions"}],"predecessor-version":[{"id":17600,"href":"https:\/\/www.sgmbolivia.gob.bo\/index.php\/wp-json\/wp\/v2\/pages\/328\/revisions\/17600"}],"wp:attachment":[{"href":"https:\/\/www.sgmbolivia.gob.bo\/index.php\/wp-json\/wp\/v2\/media?parent=328"}],"curies":[{"name":"wp","href":"https:\/\/api.w.org\/{rel}","templated":true}]}}