{"id":321,"date":"2024-04-05T21:30:47","date_gmt":"2024-04-05T19:30:47","guid":{"rendered":"http:\/\/www.sgmbolivia.gob.bo\/?page_id=321"},"modified":"2026-04-16T14:33:08","modified_gmt":"2026-04-16T18:33:08","slug":"breve-historia-o-resena-sobre-la-creacion-y-evolucion-de-la-entidad","status":"publish","type":"page","link":"https:\/\/www.sgmbolivia.gob.bo\/index.php\/breve-historia-o-resena-sobre-la-creacion-y-evolucion-de-la-entidad\/","title":{"rendered":"Rese\u00f1a Hist\u00f3rica"},"content":{"rendered":"\n<p><\/p>\n\n\n\n<p><\/p>\n\n\n\n<p class=\"has-medium-font-size\">A finales de 1961, el Servicio Geod\u00e9sico Interamericano se estableci\u00f3 en instalaciones del Instituto Geogr\u00e1fico Militar seg\u00fan archivo hist\u00f3rico ubicado en el (IGM) UCA1, donde a\u00fan se encuentra comprobantes de pago de los primeros proyectos emergentes realizados por el (IGM) con financiamiento americano (IAGS)\u201d.<\/p>\n\n\n\n<p class=\"has-medium-font-size\">El Servicio Geod\u00e9sico Interamericano (IAGS) a finales de 1961 realiza entre otros el Proyecto Especial denominado: \u201cServicio Geod\u00e9sico\u201d, proyecto que fue renovado en el mes de abril de la gesti\u00f3n 1962 con la siguiente identificaci\u00f3n: Proyecto Especial Nro. 511-Y-39-AA denominado \u201cServicio Geod\u00e9sico de Mapas\u201d.<\/p>\n\n\n\n<p class=\"has-medium-font-size\">El Servicio Geod\u00e9sico de Mapas (SGM) surgi\u00f3 en el a\u00f1o 1962, como un Proyecto Especial del Servicio Geod\u00e9sico Interamericano (IAGS) e Instituto Geogr\u00e1fico Militar (IGM) recibiendo por primera vez financiamiento del TGN mediante el Decreto Ley No. 7569 de 31 de marzo de 1966, para el funcionamiento indirecto del Instituto Geogr\u00e1fico Militar.<\/p>\n\n\n\n<p class=\"has-medium-font-size\">En archivo del Servicio Geod\u00e9sico de Mapas (SGM) se encuentra el documento denominado: \u201cANTECEDENTES DEL TRAMITE PARA EQUIPAMIENTO DEL INSTITUTO GEOGR\u00c1FICO MILITAR, MEDIANTE CR\u00c9DITO DE LA REPUBLICA DE ALEMANIA\u201d, a continuaci\u00f3n, se dar\u00e1 a conocer por orden cronol\u00f3gico los puntos m\u00e1s importantes del citado documento: \u201cInforme del Se\u00f1or Leupin que eval\u00faa la necesidad y factibilidad del proyecto en forma favorable; expresa la necesidad de un documento oficial que establezca legalmente la situaci\u00f3n del Servicio Geod\u00e9sico de Mapas, como ente ejecutorio del Proyecto, en vista que el I.G.M. por ser una Instituci\u00f3n Militar no puede optar el cr\u00e9dito seg\u00fan regulaciones de Alemania.\u201d<\/p>\n\n\n\n<p class=\"has-medium-font-size\">\u201cTelefax de Alemania enviado al S.G.M. por el se\u00f1or Wipplinger que reitera la necesidad de contar con una Resoluci\u00f3n Suprema que defina la situaci\u00f3n del Servicio Geod\u00e9sico de Mapas, como requisito indispensable para el tr\u00e1mite.\u201d<\/p>\n\n\n\n<p class=\"has-medium-font-size\">\u201cOficio del Comando General del Ejercito al se\u00f1or ministro de Defensa nacional, solicitando la emisi\u00f3n de la Resoluci\u00f3n Suprema respectiva. Donde indica lo siguiente: \u201c\u2026El tesoro General de la Naci\u00f3n canaliza recursos a trav\u00e9s del Ministerio de Finanzas con el nombre de Servicio Geod\u00e9sico de Mapas, para los trabajos de campo que no existe documento alguno de respalde el funcionamiento del Servicio Geod\u00e9sico de Mapas\u2026\u201d<\/p>\n\n\n\n<p class=\"has-medium-font-size\">\u201cResoluci\u00f3n Suprema No. 208948, de fecha 15 de abril de 1991 que reconoce al SGM como Instituci\u00f3n Publica descentralizada con Personer\u00eda Jur\u00eddica propia design\u00e1ndole como entidad ejecutora del Proyecto Cartogr\u00e1fico.\u201d<\/p>\n\n\n\n<p class=\"has-medium-font-size\">Como se menciona en fecha 15 de abril de 1991 mediante Resoluci\u00f3n Suprema No. 208948, el Servicio Geod\u00e9sico de Mapas es ratificada su constituci\u00f3n como Instituci\u00f3n P\u00fablica Descentralizada del Ministerio de Defensa, que tiene como funci\u00f3n la elaboraci\u00f3n de la Cartograf\u00eda Nacional y sus derivados.<\/p>\n\n\n\n<p class=\"has-medium-font-size\">Ante tal situaci\u00f3n, la naturaleza Legal de Creaci\u00f3n del Servicio Geod\u00e9sico de Mapas (SGM) surge de la apremiante necesidad de fortalecer al Instituto Geogr\u00e1fico Militar con ayuda t\u00e9cnica, econ\u00f3mica y la adquisici\u00f3n de instrumentos de campo y gabinete, as\u00ed como la correspondiente asesor\u00eda t\u00e9cnica a cargo de especialistas y expertos de la Rep\u00fablica Federal de Alemania.<\/p>\n\n\n\n<p class=\"has-medium-font-size\"><\/p>\n\n\n\n<p class=\"has-medium-font-size\"><\/p>\n\n\n\n<figure class=\"wp-block-gallery has-nested-images columns-default is-cropped wp-block-gallery-1 is-layout-flex wp-block-gallery-is-layout-flex\">\n<figure class=\"wp-block-image size-full\"><img loading=\"lazy\" decoding=\"async\" width=\"512\" height=\"512\" data-id=\"17592\" src=\"http:\/\/www.sgmbolivia.gob.bo\/wp-content\/uploads\/2026\/04\/cropped-SE-GEOMAP-logo1.jpeg\" alt=\"\" class=\"wp-image-17592\" srcset=\"https:\/\/www.sgmbolivia.gob.bo\/wp-content\/uploads\/2026\/04\/cropped-SE-GEOMAP-logo1.jpeg 512w, https:\/\/www.sgmbolivia.gob.bo\/wp-content\/uploads\/2026\/04\/cropped-SE-GEOMAP-logo1-270x270.jpeg 270w, https:\/\/www.sgmbolivia.gob.bo\/wp-content\/uploads\/2026\/04\/cropped-SE-GEOMAP-logo1-192x192.jpeg 192w, https:\/\/www.sgmbolivia.gob.bo\/wp-content\/uploads\/2026\/04\/cropped-SE-GEOMAP-logo1-180x180.jpeg 180w, https:\/\/www.sgmbolivia.gob.bo\/wp-content\/uploads\/2026\/04\/cropped-SE-GEOMAP-logo1-32x32.jpeg 32w\" sizes=\"auto, (max-width: 512px) 100vw, 512px\" \/><\/figure>\n\n\n\n<figure class=\"wp-block-image size-full\"><img loading=\"lazy\" decoding=\"async\" width=\"1046\" height=\"1037\" data-id=\"17572\" src=\"http:\/\/www.sgmbolivia.gob.bo\/wp-content\/uploads\/2026\/04\/logo_escudo_bolivia_0.png\" alt=\"\" class=\"wp-image-17572\" srcset=\"https:\/\/www.sgmbolivia.gob.bo\/wp-content\/uploads\/2026\/04\/logo_escudo_bolivia_0.png 1046w, https:\/\/www.sgmbolivia.gob.bo\/wp-content\/uploads\/2026\/04\/logo_escudo_bolivia_0-300x297.png 300w, https:\/\/www.sgmbolivia.gob.bo\/wp-content\/uploads\/2026\/04\/logo_escudo_bolivia_0-1024x1015.png 1024w, https:\/\/www.sgmbolivia.gob.bo\/wp-content\/uploads\/2026\/04\/logo_escudo_bolivia_0-150x150.png 150w, https:\/\/www.sgmbolivia.gob.bo\/wp-content\/uploads\/2026\/04\/logo_escudo_bolivia_0-768x761.png 768w\" sizes=\"auto, (max-width: 1046px) 100vw, 1046px\" \/><\/figure>\n<\/figure>\n\n\n\n<p><\/p>\n","protected":false},"excerpt":{"rendered":"<p>A finales de 1961, el Servicio Geod\u00e9sico Interamericano se estableci\u00f3 en instalaciones del Instituto Geogr\u00e1fico Militar seg\u00fan archivo hist\u00f3rico ubicado en el (IGM) UCA1, donde a\u00fan se encuentra comprobantes de pago de los primeros proyectos emergentes realizados por el (IGM) con financiamiento americano (IAGS)\u201d. El Servicio Geod\u00e9sico Interamericano (IAGS) a finales de 1961 realiza entre [&hellip;]<\/p>\n","protected":false},"author":1,"featured_media":16967,"parent":0,"menu_order":0,"comment_status":"closed","ping_status":"closed","template":"","meta":{"_acf_changed":false,"footnotes":""},"class_list":["post-321","page","type-page","status-publish","has-post-thumbnail","hentry"],"acf":[],"_links":{"self":[{"href":"https:\/\/www.sgmbolivia.gob.bo\/index.php\/wp-json\/wp\/v2\/pages\/321","targetHints":{"allow":["GET"]}}],"collection":[{"href":"https:\/\/www.sgmbolivia.gob.bo\/index.php\/wp-json\/wp\/v2\/pages"}],"about":[{"href":"https:\/\/www.sgmbolivia.gob.bo\/index.php\/wp-json\/wp\/v2\/types\/page"}],"author":[{"embeddable":true,"href":"https:\/\/www.sgmbolivia.gob.bo\/index.php\/wp-json\/wp\/v2\/users\/1"}],"replies":[{"embeddable":true,"href":"https:\/\/www.sgmbolivia.gob.bo\/index.php\/wp-json\/wp\/v2\/comments?post=321"}],"version-history":[{"count":23,"href":"https:\/\/www.sgmbolivia.gob.bo\/index.php\/wp-json\/wp\/v2\/pages\/321\/revisions"}],"predecessor-version":[{"id":17599,"href":"https:\/\/www.sgmbolivia.gob.bo\/index.php\/wp-json\/wp\/v2\/pages\/321\/revisions\/17599"}],"wp:featuredmedia":[{"embeddable":true,"href":"https:\/\/www.sgmbolivia.gob.bo\/index.php\/wp-json\/wp\/v2\/media\/16967"}],"wp:attachment":[{"href":"https:\/\/www.sgmbolivia.gob.bo\/index.php\/wp-json\/wp\/v2\/media?parent=321"}],"curies":[{"name":"wp","href":"https:\/\/api.w.org\/{rel}","templated":true}]}}