{"id":309,"date":"2024-04-05T21:30:25","date_gmt":"2024-04-05T19:30:25","guid":{"rendered":"http:\/\/www.sgmbolivia.gob.bo\/?page_id=309"},"modified":"2026-04-16T09:09:32","modified_gmt":"2026-04-16T13:09:32","slug":"declaracion-de-la-mision-vision-valores-y-principios-de-la-entidad","status":"publish","type":"page","link":"https:\/\/www.sgmbolivia.gob.bo\/index.php\/declaracion-de-la-mision-vision-valores-y-principios-de-la-entidad\/","title":{"rendered":"Misi\u00f3n, Visi\u00f3n, Valores y Principios de la Entidad"},"content":{"rendered":"\n<p><\/p>\n\n\n\n<h2 class=\"wp-block-heading\">Misi\u00f3n<\/h2>\n\n\n\n<p>Generar cartograf\u00eda actualizada en coordinaci\u00f3n con el Instituto Geogr\u00e1fico Militar y otras instituciones afines con prioridad en la escala 1:50.000 y otras escalas de acuerdo a inter\u00e9s estrat\u00e9gico, en diferentes zonas del territorio Nacional en coordinaci\u00f3n con el Instituto Geogr\u00e1fico Militar proporcionando al Estado Plurinacional informaci\u00f3n actualizada peri\u00f3dicamente con un avance tecnol\u00f3gico destinado a coadyuvar al Desarrollo Nacional.<\/p>\n\n\n\n<h2 class=\"wp-block-heading\">Visi\u00f3n<\/h2>\n\n\n\n<p>Constituirse en la Instituci\u00f3n Publica m\u00e1s eficiente y reconocida por la Sociedad para la actualizaci\u00f3n Cartogr\u00e1fica, base del Desarrollo Nacional, en todas sus escalas aplicaciones, empleando la tecnolog\u00eda, experiencia y la capacidad humana.<\/p>\n\n\n\n<h2 class=\"wp-block-heading\">Valores:<\/h2>\n\n\n\n<p>Los valores institucionales son elementos que reflejan la cultura y la organizaci\u00f3n del Servicio Geod\u00e9sico de Mapas. Esto incluye la forma en la cual la instituci\u00f3n se interrelacionan, trabaja, discute, colabora y cumple las normas, en relaci\u00f3n a sus atribuciones y las funciones que cumple. La identificaci\u00f3n de los valores es un paso fundamental para establecer las bases de una nueva cultura organizacional. El concepto de valor considera aspectos esenciales que se pueden ver diariamente en el trabajo de nuestra Instituci\u00f3n. La medici\u00f3n del comportamiento del Personal del Servicio Geod\u00e9sico de Mapas refuerza el logro de la nueva cultura organizacional y contribuye al incremento de la productividad y el desarrollo Institucional.<\/p>\n\n\n\n<p><strong>a) Universalidad.<\/strong><\/p>\n\n\n\n<p>Las acciones del Servicio Geod\u00e9sico de Mapas, deben llegar a toda la Poblaci\u00f3n, sin ning\u00fan tipo de discriminaci\u00f3n.<\/p>\n\n\n\n<p><strong>b) Excelencia.<\/strong><\/p>\n\n\n\n<p>B\u00fasqueda de la m\u00e1s alta calidad en el desempe\u00f1o de la tarea administrativa, t\u00e9cnica y de investigaci\u00f3n para el beneficio de todos los bolivianos.<\/p>\n\n\n\n<p><strong>c) Integridad en el ejercicio de la tarea.<\/strong><\/p>\n\n\n\n<p>Garant\u00eda de un desempe\u00f1o transparente, responsable y apegado a las normas.<\/p>\n\n\n\n<p><strong>d) Disciplina.<\/strong><\/p>\n\n\n\n<p>Actuar de manera ordenada y perseverante para conseguir un bien o un fin determinado.<\/p>\n\n\n\n<p><strong>e) Servicio.<\/strong><\/p>\n\n\n\n<p>Servir implica adoptar una actitud permanente de entrega, de colaboraci\u00f3n hacia los dem\u00e1s en los diferentes \u00e1mbitos de la vida.<\/p>\n\n\n\n<p><strong>f) Calidad.<\/strong><\/p>\n\n\n\n<p>Generar productos y servicios de informaci\u00f3n cartogr\u00e1fica con un alto rigor t\u00e9cnico y metodol\u00f3gico en todas sus fases, utilizando est\u00e1ndares de calidad reconocidos internacionalmente.<\/p>\n\n\n\n<p><strong>g) Difusi\u00f3n.<\/strong><\/p>\n\n\n\n<p>Garantizar los mecanismos y canales adecuados, incorporando los recursos tecnol\u00f3gicos disponibles, para que los productos y servicios lleguen oportunamente a toda la sociedad.<\/p>\n\n\n\n<p><strong>h) Compromiso.<\/strong><\/p>\n\n\n\n<p>Identificaci\u00f3n con la instituci\u00f3n, sus metas y tener predisposici\u00f3n para hacer m\u00e1s de lo esperado a efectos de lograr los objetivos. Debe desear pertenecer a la instituci\u00f3n y estar orgulloso de ello.<\/p>\n\n\n\n<p><strong>i) Vocaci\u00f3n de Servicio.<\/strong><\/p>\n\n\n\n<p>La instituci\u00f3n y sus miembros deben tener una permanente orientaci\u00f3n a brindar un servicio de calidad que comprenda y satisfaga las necesidades del Estado y la sociedad; utilizando eficientemente los recursos y optimizando la calidad de nuestros servicios.<\/p>\n\n\n\n<p><strong>j) Liderazgo.<\/strong><\/p>\n\n\n\n<p>Capacidad de promover el desarrollo potencial de las personas, la preocupaci\u00f3n de su bienestar y su entusiasmo para el logro de metas y objetivos, con virtudes de inteligencia, honradez, humanidad, coraje y disciplina.<\/p>\n\n\n\n<h2 class=\"wp-block-heading\">Principios:<\/h2>\n\n\n\n<p>Los principios son el conjunto de creencias y normas, que orientan y regulan la vida de la organizaci\u00f3n. Son el soporte de la Raz\u00f3n de ser y horizonte Pol\u00edtico y objetivos estrat\u00e9gicos. Estos principios se manifiestan y se hacen realidad en nuestra cultura institucional, en nuestra forma de ser, pensar y conducirnos como servidores p\u00fablicos.<br>Los principios, son protegidos en la Nueva Constituci\u00f3n Pol\u00edtica del Estado Plurinacional de Bolivia, en la filosof\u00eda, pol\u00edtica y estrategias recopiladas de las experiencias andinas y resumidas en el Vivir Bien que representan y contienen la conmoci\u00f3n, la identidad y el paradigma y concepci\u00f3n de desarrollo de todas sus instituciones P\u00fablicas.<\/p>\n\n\n\n<p><strong>a) Transparencia<\/strong><\/p>\n\n\n\n<p>EL Servicio Geod\u00e9sico de Mapas es pr\u00e1ctica en el manejo de los recursos del Estado, as\u00ed como la honestidad e idoneidad en los actos p\u00fablicos, y el acceso de toda la informaci\u00f3n en forma veraz, oportuna, comprensible y confiable.<\/p>\n\n\n\n<p><strong>b) Gesti\u00f3n por resultados<\/strong><\/p>\n\n\n\n<p>Es la capacidad institucional del Servicio Geod\u00e9sico de Mapas para el logro de los objetivos planificados y tiene como base los resultados obtenidos en el desempe\u00f1o de las funciones buscando satisfacer las necesidades de la instituci\u00f3n.<\/p>\n\n\n\n<p><strong>c) Legalidad<\/strong><\/p>\n\n\n\n<p>Las servidoras y servidores p\u00fablicos deben reunir requisitos de legalidad, \u00e9tica y transparencia para la realizaci\u00f3n de toda actividad operativa, administrativa y todos los actos relacionados con la prestaci\u00f3n de servicios, as\u00ed como con la administraci\u00f3n financiera, contrataci\u00f3n, manejo y disposiciones de bienes del Servicio Geod\u00e9sico de Mapas, sujet\u00e1ndose a las leyes y normas vigentes.<\/p>\n\n\n\n<p><strong>d) Integridad<\/strong><\/p>\n\n\n\n<p>Los actos de las servidoras y servidores p\u00fablicos del Servicio Geod\u00e9sico de Mapas deben ser realizados con rectitud, honradez y probidad, manteniendo una conducta intachable y honesta.<\/p>\n\n\n\n<p><strong>e) Igualdad<\/strong><\/p>\n\n\n\n<p>Las servidoras y servidores p\u00fablicos del Servicio Geod\u00e9sico de Mapas deben brindar a todos los ciudadanos a quienes se presta un servicio p\u00fablico o tiene alguna petici\u00f3n ante la Administraci\u00f3n P\u00fablica un trato equitativo. Asimismo, deben otorgar la misma oportunidad a todos los ciudadanos para el acceso<br>a la funci\u00f3n p\u00fablica, sin ning\u00fan tipo de discriminaci\u00f3n y con pleno reconocimiento de la realidad multi\u00e9tnica y plurinacional del Estado Boliviano.<\/p>\n\n\n\n<p><strong>f) Pertenencia Institucional<\/strong><\/p>\n\n\n\n<p>Las servidoras y servidores p\u00fablicos de del Servicio Geod\u00e9sico de Mapas se<br>reconocer\u00e1n como parte de del Servicio Geod\u00e9sico de Mapas y asumir\u00e1n sus<br>acciones dentro del marco de valores, objetivos y metas institucionales.<\/p>\n\n\n\n<figure class=\"wp-block-gallery has-nested-images columns-default is-cropped wp-block-gallery-1 is-layout-flex wp-block-gallery-is-layout-flex\">\n<figure class=\"wp-block-image size-full\"><img loading=\"lazy\" decoding=\"async\" width=\"512\" height=\"512\" data-id=\"17592\" src=\"http:\/\/www.sgmbolivia.gob.bo\/wp-content\/uploads\/2026\/04\/cropped-SE-GEOMAP-logo1.jpeg\" alt=\"\" class=\"wp-image-17592\" srcset=\"https:\/\/www.sgmbolivia.gob.bo\/wp-content\/uploads\/2026\/04\/cropped-SE-GEOMAP-logo1.jpeg 512w, https:\/\/www.sgmbolivia.gob.bo\/wp-content\/uploads\/2026\/04\/cropped-SE-GEOMAP-logo1-270x270.jpeg 270w, https:\/\/www.sgmbolivia.gob.bo\/wp-content\/uploads\/2026\/04\/cropped-SE-GEOMAP-logo1-192x192.jpeg 192w, https:\/\/www.sgmbolivia.gob.bo\/wp-content\/uploads\/2026\/04\/cropped-SE-GEOMAP-logo1-180x180.jpeg 180w, https:\/\/www.sgmbolivia.gob.bo\/wp-content\/uploads\/2026\/04\/cropped-SE-GEOMAP-logo1-32x32.jpeg 32w\" sizes=\"auto, (max-width: 512px) 100vw, 512px\" \/><\/figure>\n\n\n\n<figure class=\"wp-block-image size-full\"><img loading=\"lazy\" decoding=\"async\" width=\"1046\" height=\"1037\" data-id=\"17572\" src=\"http:\/\/www.sgmbolivia.gob.bo\/wp-content\/uploads\/2026\/04\/logo_escudo_bolivia_0.png\" alt=\"\" class=\"wp-image-17572\" srcset=\"https:\/\/www.sgmbolivia.gob.bo\/wp-content\/uploads\/2026\/04\/logo_escudo_bolivia_0.png 1046w, https:\/\/www.sgmbolivia.gob.bo\/wp-content\/uploads\/2026\/04\/logo_escudo_bolivia_0-300x297.png 300w, https:\/\/www.sgmbolivia.gob.bo\/wp-content\/uploads\/2026\/04\/logo_escudo_bolivia_0-1024x1015.png 1024w, https:\/\/www.sgmbolivia.gob.bo\/wp-content\/uploads\/2026\/04\/logo_escudo_bolivia_0-150x150.png 150w, https:\/\/www.sgmbolivia.gob.bo\/wp-content\/uploads\/2026\/04\/logo_escudo_bolivia_0-768x761.png 768w\" sizes=\"auto, (max-width: 1046px) 100vw, 1046px\" \/><\/figure>\n<\/figure>\n\n\n\n<p><\/p>\n","protected":false},"excerpt":{"rendered":"<p>Misi\u00f3n Generar cartograf\u00eda actualizada en coordinaci\u00f3n con el Instituto Geogr\u00e1fico Militar y otras instituciones afines con prioridad en la escala 1:50.000 y otras escalas de acuerdo a inter\u00e9s estrat\u00e9gico, en diferentes zonas del territorio Nacional en coordinaci\u00f3n con el Instituto Geogr\u00e1fico Militar proporcionando al Estado Plurinacional informaci\u00f3n actualizada peri\u00f3dicamente con un avance tecnol\u00f3gico destinado a [&hellip;]<\/p>\n","protected":false},"author":1,"featured_media":0,"parent":0,"menu_order":0,"comment_status":"closed","ping_status":"closed","template":"","meta":{"_acf_changed":false,"footnotes":""},"class_list":["post-309","page","type-page","status-publish","hentry"],"acf":[],"_links":{"self":[{"href":"https:\/\/www.sgmbolivia.gob.bo\/index.php\/wp-json\/wp\/v2\/pages\/309","targetHints":{"allow":["GET"]}}],"collection":[{"href":"https:\/\/www.sgmbolivia.gob.bo\/index.php\/wp-json\/wp\/v2\/pages"}],"about":[{"href":"https:\/\/www.sgmbolivia.gob.bo\/index.php\/wp-json\/wp\/v2\/types\/page"}],"author":[{"embeddable":true,"href":"https:\/\/www.sgmbolivia.gob.bo\/index.php\/wp-json\/wp\/v2\/users\/1"}],"replies":[{"embeddable":true,"href":"https:\/\/www.sgmbolivia.gob.bo\/index.php\/wp-json\/wp\/v2\/comments?post=309"}],"version-history":[{"count":26,"href":"https:\/\/www.sgmbolivia.gob.bo\/index.php\/wp-json\/wp\/v2\/pages\/309\/revisions"}],"predecessor-version":[{"id":17598,"href":"https:\/\/www.sgmbolivia.gob.bo\/index.php\/wp-json\/wp\/v2\/pages\/309\/revisions\/17598"}],"wp:attachment":[{"href":"https:\/\/www.sgmbolivia.gob.bo\/index.php\/wp-json\/wp\/v2\/media?parent=309"}],"curies":[{"name":"wp","href":"https:\/\/api.w.org\/{rel}","templated":true}]}}